{"id":25,"date":"2026-03-09T17:21:11","date_gmt":"2026-03-09T17:21:11","guid":{"rendered":"https:\/\/pandoravisuals.es\/sobre\/"},"modified":"2026-03-10T16:20:07","modified_gmt":"2026-03-10T16:20:07","slug":"sobre","status":"publish","type":"page","link":"https:\/\/pandoravisuals.es\/en\/sobre\/","title":{"rendered":"About"},"content":{"rendered":"<div class=\"wp-block-group alignfull is-style-ext-preset--group--natural-1--section has-background-background-color has-background has-global-padding is-layout-constrained wp-block-group-is-layout-constrained\" id=\"about\" style=\"margin-top:0;margin-bottom:0;padding-top:var(--wp--preset--spacing--70);padding-bottom:var(--wp--preset--spacing--70)\">\n<div class=\"wp-block-columns alignwide are-vertically-aligned-center is-layout-flex wp-container-core-columns-is-layout-174606dc wp-block-columns-is-layout-flex\">\n<div class=\"wp-block-column is-vertically-aligned-center is-layout-flow wp-block-column-is-layout-flow\">\n<h2 class=\"wp-block-heading ext-animate--on\">Damos vida a tus dise\u00f1os con im\u00e1genes de alta calidad<\/h2>\n\n\n\n<p class=\"ext-animate--on\" style=\"margin-top:1.5rem\"><strong>Pandora Visuals<\/strong>&nbsp;es un estudio especializado en&nbsp;<strong>renders 3D y visualizaci\u00f3n arquitect\u00f3nica para promociones inmobiliarias, villas de lujo y proyectos residenciales<\/strong>. Nuestro trabajo se centra principalmente en la&nbsp;<strong>Costa del Sol, especialmente en Marbella y M\u00e1laga<\/strong>, colaborando con promotoras, arquitectos y agencias inmobiliarias para presentar y comercializar proyectos antes de su construcci\u00f3n mediante im\u00e1genes realistas de alta calidad.<\/p>\n\n\n\n<p class=\"ext-animate--on\" style=\"margin-top:1.5rem\">Adem\u00e1s, en&nbsp;<strong>Pandora Visuals<\/strong>&nbsp;trabajamos con clientes&nbsp;<strong>en toda Espa\u00f1a<\/strong>, ofreciendo servicios de&nbsp;<strong>renders arquitect\u00f3nicos, visualizaci\u00f3n 3D e infograf\u00edas inmobiliarias<\/strong>&nbsp;dise\u00f1adas para mostrar el dise\u00f1o, los materiales y el potencial de cada desarrollo con el m\u00e1ximo nivel de detalle.<\/p>\n<\/div>\n\n\n\n<div class=\"wp-block-column is-vertically-aligned-center is-layout-flow wp-block-column-is-layout-flow\">\n<figure class=\"wp-block-image size-large is-style-ext-preset--image--natural-1--image-1--content-left ext-animate--on extendify-image-import is-style-ext-preset--image--natural-1--image-1--content-left--2\"><img loading=\"lazy\" decoding=\"async\" width=\"1024\" height=\"576\" src=\"https:\/\/pandoravisuals.es\/wp-content\/uploads\/2026\/03\/Garage-1024x576.png\" alt=\"\" class=\"wp-image-96\" style=\"aspect-ratio:1;object-fit:cover\" srcset=\"https:\/\/pandoravisuals.es\/wp-content\/uploads\/2026\/03\/Garage-1024x576.png 1024w, https:\/\/pandoravisuals.es\/wp-content\/uploads\/2026\/03\/Garage-300x169.png 300w, https:\/\/pandoravisuals.es\/wp-content\/uploads\/2026\/03\/Garage-768x432.png 768w, https:\/\/pandoravisuals.es\/wp-content\/uploads\/2026\/03\/Garage-1536x864.png 1536w, https:\/\/pandoravisuals.es\/wp-content\/uploads\/2026\/03\/Garage-18x10.png 18w, https:\/\/pandoravisuals.es\/wp-content\/uploads\/2026\/03\/Garage.png 1920w\" sizes=\"auto, (max-width: 1024px) 100vw, 1024px\" \/><\/figure>\n<\/div>\n<\/div>\n<\/div>\n\n\n\n<div class=\"wp-block-group alignfull is-style-ext-preset--group--natural-1--section has-tertiary-background-color has-background has-global-padding is-layout-constrained wp-container-core-group-is-layout-f72f1611 wp-block-group-is-layout-constrained\" id=\"gallery\" style=\"margin-top:0;margin-bottom:0;padding-top:var(--wp--preset--spacing--70);padding-bottom:var(--wp--preset--spacing--70)\">\n<div class=\"wp-block-group alignwide ext-is-logical-start has-global-padding is-content-justification-left is-layout-constrained wp-container-core-group-is-layout-6729bdbe wp-block-group-is-layout-constrained\">\n<h2 class=\"wp-block-heading ext-animate--on\">Impacta con renders arquitect\u00f3nicos fotorealistas de primer nivel<\/h2>\n\n\n\n<p class=\"has-text-align-left ext-animate--on\">Pandora Visuals se compromete a ofrecer visualizaciones arquitect\u00f3nicas de m\u00e1xima calidad, fusionando creatividad y precisi\u00f3n para potenciar el \u00e9xito de desarrollos inmobiliarios. Nuestra visi\u00f3n es liderar el mercado con soluciones visuales que inspiren confianza y decisi\u00f3n.<\/p>\n<\/div>\n\n\n\n<div class=\"wp-block-columns alignwide are-vertically-aligned-top is-layout-flex wp-container-core-columns-is-layout-87beb0d0 wp-block-columns-is-layout-flex\">\n<div class=\"wp-block-column is-vertically-aligned-top ext-animate--on is-layout-flow wp-container-core-column-is-layout-f5bb311e wp-block-column-is-layout-flow\">\n<figure class=\"wp-block-image size-large is-style-ext-preset--image--natural-1--image-1--content-bottom extendify-image-import is-style-ext-preset--image--natural-1--image-1--content-bottom--4\"><img loading=\"lazy\" decoding=\"async\" width=\"1024\" height=\"576\" src=\"https:\/\/pandoravisuals.es\/wp-content\/uploads\/2026\/03\/5_Villa_side_view-1024x576.png\" alt=\"\" class=\"wp-image-92\" style=\"aspect-ratio:1;object-fit:cover\" srcset=\"https:\/\/pandoravisuals.es\/wp-content\/uploads\/2026\/03\/5_Villa_side_view-1024x576.png 1024w, https:\/\/pandoravisuals.es\/wp-content\/uploads\/2026\/03\/5_Villa_side_view-300x169.png 300w, https:\/\/pandoravisuals.es\/wp-content\/uploads\/2026\/03\/5_Villa_side_view-768x432.png 768w, https:\/\/pandoravisuals.es\/wp-content\/uploads\/2026\/03\/5_Villa_side_view-1536x864.png 1536w, https:\/\/pandoravisuals.es\/wp-content\/uploads\/2026\/03\/5_Villa_side_view-18x10.png 18w, https:\/\/pandoravisuals.es\/wp-content\/uploads\/2026\/03\/5_Villa_side_view.png 1920w\" sizes=\"auto, (max-width: 1024px) 100vw, 1024px\" \/><\/figure>\n\n\n\n<figure class=\"wp-block-image size-large is-style-ext-preset--image--natural-1--image-1--content-bottom extendify-image-import is-style-ext-preset--image--natural-1--image-1--content-bottom--5\"><img loading=\"lazy\" decoding=\"async\" width=\"1024\" height=\"576\" src=\"https:\/\/pandoravisuals.es\/wp-content\/uploads\/2026\/03\/Gym-1024x576.png\" alt=\"\" class=\"wp-image-108\" style=\"aspect-ratio:1;object-fit:cover\" srcset=\"https:\/\/pandoravisuals.es\/wp-content\/uploads\/2026\/03\/Gym-1024x576.png 1024w, https:\/\/pandoravisuals.es\/wp-content\/uploads\/2026\/03\/Gym-300x169.png 300w, https:\/\/pandoravisuals.es\/wp-content\/uploads\/2026\/03\/Gym-768x432.png 768w, https:\/\/pandoravisuals.es\/wp-content\/uploads\/2026\/03\/Gym-1536x864.png 1536w, https:\/\/pandoravisuals.es\/wp-content\/uploads\/2026\/03\/Gym-18x10.png 18w, https:\/\/pandoravisuals.es\/wp-content\/uploads\/2026\/03\/Gym.png 1920w\" sizes=\"auto, (max-width: 1024px) 100vw, 1024px\" \/><\/figure>\n<\/div>\n\n\n\n<div class=\"wp-block-column is-vertically-aligned-top ext-animate--on is-layout-flow wp-container-core-column-is-layout-f5bb311e wp-block-column-is-layout-flow\">\n<figure class=\"wp-block-image size-large is-style-ext-preset--image--natural-1--image-1--content-bottom extendify-image-import is-style-ext-preset--image--natural-1--image-1--content-bottom--6\"><img loading=\"lazy\" decoding=\"async\" width=\"1024\" height=\"576\" src=\"https:\/\/pandoravisuals.es\/wp-content\/uploads\/2026\/03\/3_Villas_Street_Evening-1-1024x576.png\" alt=\"\" class=\"wp-image-81\" style=\"aspect-ratio:1;object-fit:cover\" srcset=\"https:\/\/pandoravisuals.es\/wp-content\/uploads\/2026\/03\/3_Villas_Street_Evening-1-1024x576.png 1024w, https:\/\/pandoravisuals.es\/wp-content\/uploads\/2026\/03\/3_Villas_Street_Evening-1-300x169.png 300w, https:\/\/pandoravisuals.es\/wp-content\/uploads\/2026\/03\/3_Villas_Street_Evening-1-768x432.png 768w, https:\/\/pandoravisuals.es\/wp-content\/uploads\/2026\/03\/3_Villas_Street_Evening-1-1536x864.png 1536w, https:\/\/pandoravisuals.es\/wp-content\/uploads\/2026\/03\/3_Villas_Street_Evening-1-18x10.png 18w, https:\/\/pandoravisuals.es\/wp-content\/uploads\/2026\/03\/3_Villas_Street_Evening-1.png 1920w\" sizes=\"auto, (max-width: 1024px) 100vw, 1024px\" \/><\/figure>\n\n\n\n<figure class=\"wp-block-image size-large is-style-ext-preset--image--natural-1--image-1--content-bottom extendify-image-import is-style-ext-preset--image--natural-1--image-1--content-bottom--7\"><img loading=\"lazy\" decoding=\"async\" width=\"1024\" height=\"576\" src=\"https:\/\/pandoravisuals.es\/wp-content\/uploads\/2026\/03\/outdoor_tv-1024x576.png\" alt=\"\" class=\"wp-image-99\" style=\"aspect-ratio:1;object-fit:cover\" srcset=\"https:\/\/pandoravisuals.es\/wp-content\/uploads\/2026\/03\/outdoor_tv-1024x576.png 1024w, https:\/\/pandoravisuals.es\/wp-content\/uploads\/2026\/03\/outdoor_tv-300x169.png 300w, https:\/\/pandoravisuals.es\/wp-content\/uploads\/2026\/03\/outdoor_tv-768x432.png 768w, https:\/\/pandoravisuals.es\/wp-content\/uploads\/2026\/03\/outdoor_tv-1536x864.png 1536w, https:\/\/pandoravisuals.es\/wp-content\/uploads\/2026\/03\/outdoor_tv-18x10.png 18w, https:\/\/pandoravisuals.es\/wp-content\/uploads\/2026\/03\/outdoor_tv.png 1920w\" sizes=\"auto, (max-width: 1024px) 100vw, 1024px\" \/><\/figure>\n<\/div>\n\n\n\n<div class=\"wp-block-column is-vertically-aligned-top ext-animate--on is-layout-flow wp-container-core-column-is-layout-f5bb311e wp-block-column-is-layout-flow\">\n<figure class=\"wp-block-image size-large is-style-ext-preset--image--natural-1--image-1--content-bottom extendify-image-import is-style-ext-preset--image--natural-1--image-1--content-bottom--8\"><img loading=\"lazy\" decoding=\"async\" width=\"1024\" height=\"576\" src=\"https:\/\/pandoravisuals.es\/wp-content\/uploads\/2026\/03\/Master_bedroom_outside-1024x576.png\" alt=\"\" class=\"wp-image-112\" style=\"aspect-ratio:1;object-fit:cover\" srcset=\"https:\/\/pandoravisuals.es\/wp-content\/uploads\/2026\/03\/Master_bedroom_outside-1024x576.png 1024w, https:\/\/pandoravisuals.es\/wp-content\/uploads\/2026\/03\/Master_bedroom_outside-300x169.png 300w, https:\/\/pandoravisuals.es\/wp-content\/uploads\/2026\/03\/Master_bedroom_outside-768x432.png 768w, https:\/\/pandoravisuals.es\/wp-content\/uploads\/2026\/03\/Master_bedroom_outside-1536x864.png 1536w, https:\/\/pandoravisuals.es\/wp-content\/uploads\/2026\/03\/Master_bedroom_outside-18x10.png 18w, https:\/\/pandoravisuals.es\/wp-content\/uploads\/2026\/03\/Master_bedroom_outside.png 1920w\" sizes=\"auto, (max-width: 1024px) 100vw, 1024px\" \/><\/figure>\n\n\n\n<figure class=\"wp-block-image size-large is-style-ext-preset--image--natural-1--image-1--content-bottom extendify-image-import is-style-ext-preset--image--natural-1--image-1--content-bottom--9\"><img loading=\"lazy\" decoding=\"async\" width=\"1024\" height=\"576\" src=\"https:\/\/pandoravisuals.es\/wp-content\/uploads\/2026\/03\/Close_View_Villa-1024x576.png\" alt=\"\" class=\"wp-image-95\" style=\"aspect-ratio:1;object-fit:cover\" srcset=\"https:\/\/pandoravisuals.es\/wp-content\/uploads\/2026\/03\/Close_View_Villa-1024x576.png 1024w, https:\/\/pandoravisuals.es\/wp-content\/uploads\/2026\/03\/Close_View_Villa-300x169.png 300w, https:\/\/pandoravisuals.es\/wp-content\/uploads\/2026\/03\/Close_View_Villa-768x432.png 768w, https:\/\/pandoravisuals.es\/wp-content\/uploads\/2026\/03\/Close_View_Villa-1536x864.png 1536w, https:\/\/pandoravisuals.es\/wp-content\/uploads\/2026\/03\/Close_View_Villa-18x10.png 18w, https:\/\/pandoravisuals.es\/wp-content\/uploads\/2026\/03\/Close_View_Villa.png 1920w\" sizes=\"auto, (max-width: 1024px) 100vw, 1024px\" \/><\/figure>\n<\/div>\n<\/div>\n<\/div>\n\n\n\n<div class=\"wp-block-group alignfull is-style-ext-preset--group--natural-1--section has-background-background-color has-background has-global-padding is-layout-constrained wp-container-core-group-is-layout-e955bbaf wp-block-group-is-layout-constrained\" id=\"features\" style=\"margin-top:0;margin-bottom:0;padding-top:var(--wp--preset--spacing--70);padding-bottom:var(--wp--preset--spacing--70)\">\n<h2 class=\"wp-block-heading has-text-align-center\">Visualizaciones 3D exclusivas para proyectos inmobiliarios<\/h2>\n\n\n\n<p class=\"has-text-align-center ext-animate--on\" style=\"margin-top:1.5rem\">Aqu\u00ed destacamos nuestras fortalezas y habilidades, mostrando por qu\u00e9 nuestros servicios marcan la diferencia y aportan un valor excepcional.<\/p>\n\n\n\n<div class=\"wp-block-columns alignwide is-layout-flex wp-container-core-columns-is-layout-08c01c1c wp-block-columns-is-layout-flex\">\n<div class=\"wp-block-column is-vertically-aligned-stretch ext-animate--on is-layout-flow wp-container-core-column-is-layout-f5bb311e wp-block-column-is-layout-flow\">\n<div class=\"wp-block-group is-style-ext-preset--group--natural-1--item-card-1--align-center has-global-padding is-layout-constrained wp-block-group-is-layout-constrained is-style-ext-preset--group--natural-1--item-card-1--align-center--11\">\n<div class=\"wp-block-group is-style-default has-global-padding is-layout-constrained wp-block-group-is-layout-constrained\">\n<figure class=\"wp-block-image aligncenter size-large ext-aspect-landscape extendify-image-import wp-duotone-primary-foreground\"><img decoding=\"async\" src=\"data:image\/svg+xml;base64,PHN2ZyB4bWxucz0iaHR0cDovL3d3dy53My5vcmcvMjAwMC9zdmciIHdpZHRoPSI0OCIgaGVpZ2h0PSI0OCIgZmlsbD0iIzAwMDAwMCIgdmlld0JveD0iMCAwIDI1NiAyNTYiPjxwYXRoIGQ9Ik0xNzIsNzZhNDQsNDQsMCwxLDAtNDQsNDRBNDQuMDUsNDQuMDUsMCwwLDAsMTcyLDc2Wm0tNDQsMjhhMjgsMjgsMCwxLDEsMjgtMjhBMjgsMjgsMCwwLDEsMTI4LDEwNFptNjAsMjRhNDQsNDQsMCwxLDAsNDQsNDRBNDQuMDUsNDQuMDUsMCwwLDAsMTg4LDEyOFptMCw3MmEyOCwyOCwwLDEsMSwyOC0yOEEyOCwyOCwwLDAsMSwxODgsMjAwWk02OCwxMjhhNDQsNDQsMCwxLDAsNDQsNDRBNDQuMDUsNDQuMDUsMCwwLDAsNjgsMTI4Wm0wLDcyYTI4LDI4LDAsMSwxLDI4LTI4QTI4LDI4LDAsMCwxLDY4LDIwMFoiPjwvcGF0aD48L3N2Zz4=\" alt=\"\" style=\"object-fit:cover\"\/><\/figure>\n\n\n\n<h3 class=\"wp-block-heading has-text-align-center\">Calidad Fotorealista<\/h3>\n\n\n\n<p class=\"has-text-align-center\">Cada imagen refleja un realismo impecable que captura la esencia del dise\u00f1o arquitect\u00f3nico.<\/p>\n<\/div>\n<\/div>\n<\/div>\n\n\n\n<div class=\"wp-block-column is-vertically-aligned-stretch ext-animate--on is-layout-flow wp-container-core-column-is-layout-f5bb311e wp-block-column-is-layout-flow\">\n<div class=\"wp-block-group is-style-ext-preset--group--natural-1--item-card-1--align-center has-global-padding is-layout-constrained wp-block-group-is-layout-constrained is-style-ext-preset--group--natural-1--item-card-1--align-center--12\">\n<div class=\"wp-block-group is-style-default has-global-padding is-layout-constrained wp-block-group-is-layout-constrained\">\n<figure class=\"wp-block-image aligncenter size-large ext-aspect-landscape extendify-image-import wp-duotone-primary-foreground\"><img decoding=\"async\" src=\"data:image\/svg+xml;base64,PHN2ZyB4bWxucz0iaHR0cDovL3d3dy53My5vcmcvMjAwMC9zdmciIHdpZHRoPSI0OCIgaGVpZ2h0PSI0OCIgZmlsbD0iIzAwMDAwMCIgdmlld0JveD0iMCAwIDI1NiAyNTYiPjxwYXRoIGQ9Ik04MCw0MGE0MCw0MCwwLDEsMCw0MCw0MEE0MCw0MCwwLDAsMCw4MCw0MFptMCw2NGEyNCwyNCwwLDEsMSwyNC0yNEEyNCwyNCwwLDAsMSw4MCwxMDRabTk2LDE2YTQwLDQwLDAsMSwwLTQwLTQwQTQwLDQwLDAsMCwwLDE3NiwxMjBabTAtNjRhMjQsMjQsMCwxLDEtMjQsMjRBMjQsMjQsMCwwLDEsMTc2LDU2Wk04MCwxMzZhNDAsNDAsMCwxLDAsNDAsNDBBNDAsNDAsMCwwLDAsODAsMTM2Wm0wLDY0YTI0LDI0LDAsMSwxLDI0LTI0QTI0LDI0LDAsMCwxLDgwLDIwMFptOTYtNjRhNDAsNDAsMCwxLDAsNDAsNDBBNDAsNDAsMCwwLDAsMTc2LDEzNlptMCw2NGEyNCwyNCwwLDEsMSwyNC0yNEEyNCwyNCwwLDAsMSwxNzYsMjAwWiI+PC9wYXRoPjwvc3ZnPg==\" alt=\"\" style=\"object-fit:cover\"\/><\/figure>\n\n\n\n<h3 class=\"wp-block-heading has-text-align-center\">Dise\u00f1o Minimalista<\/h3>\n\n\n\n<p class=\"has-text-align-center\">Un estilo elegante y limpio que resalta la sofisticaci\u00f3n de cada desarrollo.<\/p>\n<\/div>\n<\/div>\n<\/div>\n\n\n\n<div class=\"wp-block-column is-vertically-aligned-stretch ext-animate--on is-layout-flow wp-container-core-column-is-layout-f5bb311e wp-block-column-is-layout-flow\">\n<div class=\"wp-block-group is-style-ext-preset--group--natural-1--item-card-1--align-center has-global-padding is-layout-constrained wp-block-group-is-layout-constrained is-style-ext-preset--group--natural-1--item-card-1--align-center--13\">\n<div class=\"wp-block-group is-style-default has-global-padding is-layout-constrained wp-block-group-is-layout-constrained\">\n<figure class=\"wp-block-image aligncenter size-large ext-aspect-landscape extendify-image-import wp-duotone-primary-foreground\"><img decoding=\"async\" src=\"data:image\/svg+xml;base64,PHN2ZyB4bWxucz0iaHR0cDovL3d3dy53My5vcmcvMjAwMC9zdmciIHdpZHRoPSI0OCIgaGVpZ2h0PSI0OCIgZmlsbD0iIzAwMDAwMCIgdmlld0JveD0iMCAwIDI1NiAyNTYiPjxwYXRoIGQ9Ik04MCw0MGE0MCw0MCwwLDEsMCw0MCw0MEE0MCw0MCwwLDAsMCw4MCw0MFptMCw2NGEyNCwyNCwwLDEsMSwyNC0yNEEyNCwyNCwwLDAsMSw4MCwxMDRabTk2LDE2YTQwLDQwLDAsMSwwLTQwLTQwQTQwLDQwLDAsMCwwLDE3NiwxMjBabTAtNjRhMjQsMjQsMCwxLDEtMjQsMjRBMjQsMjQsMCwwLDEsMTc2LDU2Wk04MCwxMzZhNDAsNDAsMCwxLDAsNDAsNDBBNDAsNDAsMCwwLDAsODAsMTM2Wm0wLDY0YTI0LDI0LDAsMSwxLDI0LTI0QTI0LDI0LDAsMCwxLDgwLDIwMFptMTM2LTI0YTgsOCwwLDAsMS04LDhIMTg0djI0YTgsOCwwLDAsMS0xNiwwVjE4NEgxNDRhOCw4LDAsMCwxLDAtMTZoMjRWMTQ0YTgsOCwwLDAsMSwxNiwwdjI0aDI0QTgsOCwwLDAsMSwyMTYsMTc2WiI+PC9wYXRoPjwvc3ZnPg==\" alt=\"\" style=\"object-fit:cover\"\/><\/figure>\n\n\n\n<h3 class=\"wp-block-heading has-text-align-center\">Atenci\u00f3n Personalizada<\/h3>\n\n\n\n<p class=\"has-text-align-center\">Adaptamos cada proyecto a las necesidades espec\u00edficas de nuestros clientes para mejores resultados.<\/p>\n<\/div>\n<\/div>\n<\/div>\n<\/div>\n<\/div>","protected":false},"excerpt":{"rendered":"<p>Damos vida a tus dise\u00f1os con im\u00e1genes de alta calidad Pandora Visuals&nbsp;es un estudio especializado en&nbsp;renders 3D y visualizaci\u00f3n arquitect\u00f3nica para promociones inmobiliarias, villas de lujo y proyectos residenciales. Nuestro trabajo se centra principalmente en la&nbsp;Costa del Sol, especialmente en Marbella y M\u00e1laga, colaborando con promotoras, arquitectos y agencias inmobiliarias para presentar y comercializar proyectos [&hellip;]<\/p>\n","protected":false},"author":1,"featured_media":0,"parent":0,"menu_order":0,"comment_status":"closed","ping_status":"closed","template":"page-with-title","meta":{"om_disable_all_campaigns":false,"_monsterinsights_skip_tracking":false,"_monsterinsights_sitenote_active":false,"_monsterinsights_sitenote_note":"","_monsterinsights_sitenote_category":0,"footnotes":""},"class_list":["post-25","page","type-page","status-publish","hentry"],"aioseo_notices":[],"_links":{"self":[{"href":"https:\/\/pandoravisuals.es\/en\/wp-json\/wp\/v2\/pages\/25","targetHints":{"allow":["GET"]}}],"collection":[{"href":"https:\/\/pandoravisuals.es\/en\/wp-json\/wp\/v2\/pages"}],"about":[{"href":"https:\/\/pandoravisuals.es\/en\/wp-json\/wp\/v2\/types\/page"}],"author":[{"embeddable":true,"href":"https:\/\/pandoravisuals.es\/en\/wp-json\/wp\/v2\/users\/1"}],"replies":[{"embeddable":true,"href":"https:\/\/pandoravisuals.es\/en\/wp-json\/wp\/v2\/comments?post=25"}],"version-history":[{"count":2,"href":"https:\/\/pandoravisuals.es\/en\/wp-json\/wp\/v2\/pages\/25\/revisions"}],"predecessor-version":[{"id":172,"href":"https:\/\/pandoravisuals.es\/en\/wp-json\/wp\/v2\/pages\/25\/revisions\/172"}],"wp:attachment":[{"href":"https:\/\/pandoravisuals.es\/en\/wp-json\/wp\/v2\/media?parent=25"}],"curies":[{"name":"wp","href":"https:\/\/api.w.org\/{rel}","templated":true}]}}