{"id":28,"date":"2026-03-09T17:21:12","date_gmt":"2026-03-09T17:21:12","guid":{"rendered":"https:\/\/pandoravisuals.es\/portafolio\/"},"modified":"2026-03-09T18:32:21","modified_gmt":"2026-03-09T18:32:21","slug":"portafolio","status":"publish","type":"page","link":"https:\/\/pandoravisuals.es\/en\/portafolio\/","title":{"rendered":"Portfolio"},"content":{"rendered":"\n<div class=\"wp-block-group alignfull is-style-ext-preset--group--natural-1--section has-background-background-color has-background has-global-padding is-layout-constrained wp-container-core-group-is-layout-7276a2bb wp-block-group-is-layout-constrained\" style=\"margin-top:0;margin-bottom:0;padding-top:var(--wp--preset--spacing--60);padding-right:var(--wp--preset--spacing--30);padding-bottom:var(--wp--preset--spacing--60);padding-left:var(--wp--preset--spacing--30)\">\n<div class=\"wp-block-columns alignwide are-vertically-aligned-center is-layout-flex wp-container-core-columns-is-layout-47c06fe3 wp-block-columns-is-layout-flex\">\n<div class=\"wp-block-column is-vertically-aligned-center is-layout-flow wp-container-core-column-is-layout-f5bb311e wp-block-column-is-layout-flow\" style=\"flex-basis:50%\">\n<figure class=\"wp-block-image size-large extendify-image-import is-style-ext-preset--image--natural-1--image-1--content-bottom ext-animate--on is-style-ext-preset--image--natural-1--image-1--content-bottom--2\"><img decoding=\"async\" src=\"https:\/\/pandoravisuals.es\/wp-content\/uploads\/2026\/03\/3_Villas_Side_View-1024x576.png\" alt=\"\" class=\"wp-image-42\" style=\"aspect-ratio:1;object-fit:cover\"\/><\/figure>\n<\/div>\n\n\n\n<div class=\"wp-block-column is-vertically-aligned-center is-layout-flow wp-block-column-is-layout-flow\" style=\"flex-basis:60%\">\n<h2 class=\"wp-block-heading ext-animate--on has-large-font-size\">Pino Royale<\/h2>\n\n\n\n<p class=\"ext-animate--on\" style=\"margin-top:8px\">Promoci\u00f3n Inmobiliaria en Capobino, Marbella<\/p>\n\n\n\n<p class=\"ext-animate--on\" style=\"margin-top:16px\"><strong>Pino Royale<\/strong>&nbsp;es una promoci\u00f3n residencial de&nbsp;<strong>cinco villas de lujo en Cabopino, Marbella<\/strong>, concebida con un alto grado de personalizaci\u00f3n y acabados de primer nivel, incluyendo&nbsp;<strong>Porcelanosa y la colecci\u00f3n Alexandra para los interiores<\/strong>.<\/p>\n\n\n\n<p class=\"ext-animate--on\" style=\"margin-top:16px\">Debido al nivel de detalle y exigencia del proyecto,&nbsp;<strong>Pandora Visuals ha realizado todos los renders arquitect\u00f3nicos, tanto exteriores como interiores<\/strong>, desarrollando una representaci\u00f3n visual fiel y de alta calidad del proyecto.<\/p>\n<\/div>\n<\/div>\n<\/div>\n\n\n\n<div class=\"wp-block-group alignfull is-style-ext-preset--group--natural-1--section has-tertiary-background-color has-background has-global-padding is-layout-constrained wp-container-core-group-is-layout-f72f1611 wp-block-group-is-layout-constrained\" id=\"gallery\" style=\"margin-top:0;margin-bottom:0;padding-top:var(--wp--preset--spacing--70);padding-bottom:var(--wp--preset--spacing--70)\">\n<div class=\"wp-block-group alignwide ext-is-logical-start has-global-padding is-content-justification-left is-layout-constrained wp-container-core-group-is-layout-6729bdbe wp-block-group-is-layout-constrained\">\n<h2 class=\"wp-block-heading ext-animate--on\">Renders exteriores<\/h2>\n\n\n\n<p class=\"has-text-align-left ext-animate--on\">Aqu\u00ed presentamos una selecci\u00f3n exclusiva de im\u00e1genes del proyecto<\/p>\n<\/div>\n\n\n\n<div class=\"wp-block-columns alignwide are-vertically-aligned-top is-layout-flex wp-container-core-columns-is-layout-87beb0d0 wp-block-columns-is-layout-flex\">\n<div class=\"wp-block-column is-vertically-aligned-top ext-animate--on is-layout-flow wp-container-core-column-is-layout-f5bb311e wp-block-column-is-layout-flow\">\n<figure class=\"wp-block-image size-large is-style-ext-preset--image--natural-1--image-1--content-bottom extendify-image-import is-style-ext-preset--image--natural-1--image-1--content-bottom--4\"><img loading=\"lazy\" decoding=\"async\" width=\"1024\" height=\"576\" src=\"https:\/\/pandoravisuals.es\/wp-content\/uploads\/2026\/03\/North_view_Day-1-1024x576.png\" alt=\"\" class=\"wp-image-97\" style=\"aspect-ratio:1;object-fit:cover\" srcset=\"https:\/\/pandoravisuals.es\/wp-content\/uploads\/2026\/03\/North_view_Day-1-1024x576.png 1024w, https:\/\/pandoravisuals.es\/wp-content\/uploads\/2026\/03\/North_view_Day-1-300x169.png 300w, https:\/\/pandoravisuals.es\/wp-content\/uploads\/2026\/03\/North_view_Day-1-768x432.png 768w, https:\/\/pandoravisuals.es\/wp-content\/uploads\/2026\/03\/North_view_Day-1-1536x864.png 1536w, https:\/\/pandoravisuals.es\/wp-content\/uploads\/2026\/03\/North_view_Day-1-18x10.png 18w, https:\/\/pandoravisuals.es\/wp-content\/uploads\/2026\/03\/North_view_Day-1.png 1920w\" sizes=\"auto, (max-width: 1024px) 100vw, 1024px\" \/><\/figure>\n\n\n\n<figure class=\"wp-block-image size-large is-style-ext-preset--image--natural-1--image-1--content-bottom extendify-image-import is-style-ext-preset--image--natural-1--image-1--content-bottom--5\"><img loading=\"lazy\" decoding=\"async\" width=\"1024\" height=\"576\" src=\"https:\/\/pandoravisuals.es\/wp-content\/uploads\/2026\/03\/5-Villa-Evening-1024x576.png\" alt=\"\" class=\"wp-image-90\" style=\"aspect-ratio:1;object-fit:cover\" srcset=\"https:\/\/pandoravisuals.es\/wp-content\/uploads\/2026\/03\/5-Villa-Evening-1024x576.png 1024w, https:\/\/pandoravisuals.es\/wp-content\/uploads\/2026\/03\/5-Villa-Evening-300x169.png 300w, https:\/\/pandoravisuals.es\/wp-content\/uploads\/2026\/03\/5-Villa-Evening-768x432.png 768w, https:\/\/pandoravisuals.es\/wp-content\/uploads\/2026\/03\/5-Villa-Evening-1536x864.png 1536w, https:\/\/pandoravisuals.es\/wp-content\/uploads\/2026\/03\/5-Villa-Evening-18x10.png 18w, https:\/\/pandoravisuals.es\/wp-content\/uploads\/2026\/03\/5-Villa-Evening.png 1920w\" sizes=\"auto, (max-width: 1024px) 100vw, 1024px\" \/><\/figure>\n<\/div>\n\n\n\n<div class=\"wp-block-column is-vertically-aligned-top ext-animate--on is-layout-flow wp-container-core-column-is-layout-f5bb311e wp-block-column-is-layout-flow\">\n<figure class=\"wp-block-image size-large is-style-ext-preset--image--natural-1--image-1--content-bottom extendify-image-import is-style-ext-preset--image--natural-1--image-1--content-bottom--6\"><img loading=\"lazy\" decoding=\"async\" width=\"1024\" height=\"453\" src=\"https:\/\/pandoravisuals.es\/wp-content\/uploads\/2026\/03\/Logo-pinoroyale-vert-1024x453.jpeg\" alt=\"\" class=\"wp-image-76\" style=\"aspect-ratio:1;object-fit:cover\" srcset=\"https:\/\/pandoravisuals.es\/wp-content\/uploads\/2026\/03\/Logo-pinoroyale-vert-1024x453.jpeg 1024w, https:\/\/pandoravisuals.es\/wp-content\/uploads\/2026\/03\/Logo-pinoroyale-vert-300x133.jpeg 300w, https:\/\/pandoravisuals.es\/wp-content\/uploads\/2026\/03\/Logo-pinoroyale-vert-768x340.jpeg 768w, https:\/\/pandoravisuals.es\/wp-content\/uploads\/2026\/03\/Logo-pinoroyale-vert-18x8.jpeg 18w, https:\/\/pandoravisuals.es\/wp-content\/uploads\/2026\/03\/Logo-pinoroyale-vert.jpeg 1536w\" sizes=\"auto, (max-width: 1024px) 100vw, 1024px\" \/><\/figure>\n\n\n\n<figure class=\"wp-block-image size-large is-style-ext-preset--image--natural-1--image-1--content-bottom extendify-image-import is-style-ext-preset--image--natural-1--image-1--content-bottom--7\"><img loading=\"lazy\" decoding=\"async\" width=\"1024\" height=\"576\" src=\"https:\/\/pandoravisuals.es\/wp-content\/uploads\/2026\/03\/Villa_outdoor-1024x576.png\" alt=\"\" class=\"wp-image-104\" style=\"aspect-ratio:1;object-fit:cover\" srcset=\"https:\/\/pandoravisuals.es\/wp-content\/uploads\/2026\/03\/Villa_outdoor-1024x576.png 1024w, https:\/\/pandoravisuals.es\/wp-content\/uploads\/2026\/03\/Villa_outdoor-300x169.png 300w, https:\/\/pandoravisuals.es\/wp-content\/uploads\/2026\/03\/Villa_outdoor-768x432.png 768w, https:\/\/pandoravisuals.es\/wp-content\/uploads\/2026\/03\/Villa_outdoor-1536x864.png 1536w, https:\/\/pandoravisuals.es\/wp-content\/uploads\/2026\/03\/Villa_outdoor-18x10.png 18w, https:\/\/pandoravisuals.es\/wp-content\/uploads\/2026\/03\/Villa_outdoor.png 1920w\" sizes=\"auto, (max-width: 1024px) 100vw, 1024px\" \/><\/figure>\n<\/div>\n\n\n\n<div class=\"wp-block-column is-vertically-aligned-top ext-animate--on is-layout-flow wp-container-core-column-is-layout-f5bb311e wp-block-column-is-layout-flow\">\n<figure class=\"wp-block-image size-large is-style-ext-preset--image--natural-1--image-1--content-bottom extendify-image-import is-style-ext-preset--image--natural-1--image-1--content-bottom--8\"><img loading=\"lazy\" decoding=\"async\" width=\"1024\" height=\"576\" src=\"https:\/\/pandoravisuals.es\/wp-content\/uploads\/2026\/03\/Sky_View_South-1024x576.png\" alt=\"\" class=\"wp-image-101\" style=\"aspect-ratio:1;object-fit:cover\" srcset=\"https:\/\/pandoravisuals.es\/wp-content\/uploads\/2026\/03\/Sky_View_South-1024x576.png 1024w, https:\/\/pandoravisuals.es\/wp-content\/uploads\/2026\/03\/Sky_View_South-300x169.png 300w, https:\/\/pandoravisuals.es\/wp-content\/uploads\/2026\/03\/Sky_View_South-768x432.png 768w, https:\/\/pandoravisuals.es\/wp-content\/uploads\/2026\/03\/Sky_View_South-1536x864.png 1536w, https:\/\/pandoravisuals.es\/wp-content\/uploads\/2026\/03\/Sky_View_South-18x10.png 18w, https:\/\/pandoravisuals.es\/wp-content\/uploads\/2026\/03\/Sky_View_South.png 1920w\" sizes=\"auto, (max-width: 1024px) 100vw, 1024px\" \/><\/figure>\n\n\n\n<figure class=\"wp-block-image size-large is-style-ext-preset--image--natural-1--image-1--content-bottom extendify-image-import is-style-ext-preset--image--natural-1--image-1--content-bottom--9\"><img loading=\"lazy\" decoding=\"async\" width=\"1024\" height=\"576\" src=\"https:\/\/pandoravisuals.es\/wp-content\/uploads\/2026\/03\/4_of_5_villas_evening-1-1024x576.png\" alt=\"\" class=\"wp-image-82\" style=\"aspect-ratio:1;object-fit:cover\" srcset=\"https:\/\/pandoravisuals.es\/wp-content\/uploads\/2026\/03\/4_of_5_villas_evening-1-1024x576.png 1024w, https:\/\/pandoravisuals.es\/wp-content\/uploads\/2026\/03\/4_of_5_villas_evening-1-300x169.png 300w, https:\/\/pandoravisuals.es\/wp-content\/uploads\/2026\/03\/4_of_5_villas_evening-1-768x432.png 768w, https:\/\/pandoravisuals.es\/wp-content\/uploads\/2026\/03\/4_of_5_villas_evening-1-1536x864.png 1536w, https:\/\/pandoravisuals.es\/wp-content\/uploads\/2026\/03\/4_of_5_villas_evening-1-18x10.png 18w, https:\/\/pandoravisuals.es\/wp-content\/uploads\/2026\/03\/4_of_5_villas_evening-1.png 1920w\" sizes=\"auto, (max-width: 1024px) 100vw, 1024px\" \/><\/figure>\n<\/div>\n<\/div>\n\n\n\n<div class=\"wp-block-group alignfull is-style-ext-preset--group--natural-1--section ext-animate--on has-tertiary-background-color has-background has-global-padding is-layout-constrained wp-container-core-group-is-layout-f72f1611 wp-block-group-is-layout-constrained\" id=\"gallery\" style=\"margin-top:0;margin-bottom:0;padding-top:var(--wp--preset--spacing--70);padding-bottom:var(--wp--preset--spacing--70)\">\n<div class=\"wp-block-group alignwide ext-is-logical-start ext-animate--on has-global-padding is-content-justification-left is-layout-constrained wp-container-core-group-is-layout-6729bdbe wp-block-group-is-layout-constrained\">\n<h2 class=\"wp-block-heading ext-animate--on\">Renders interiores<\/h2>\n<\/div>\n\n\n\n<div class=\"wp-block-columns alignwide are-vertically-aligned-top ext-animate--on is-layout-flex wp-container-core-columns-is-layout-87beb0d0 wp-block-columns-is-layout-flex\">\n<div class=\"wp-block-column is-vertically-aligned-top ext-animate--on is-layout-flow wp-container-core-column-is-layout-f5bb311e wp-block-column-is-layout-flow\">\n<figure class=\"wp-block-image size-large is-style-ext-preset--image--natural-1--image-1--content-bottom extendify-image-import ext-animate--on is-style-ext-preset--image--natural-1--image-1--content-bottom--11\"><img loading=\"lazy\" decoding=\"async\" width=\"1024\" height=\"576\" src=\"https:\/\/pandoravisuals.es\/wp-content\/uploads\/2026\/03\/Living_Room_3-1024x576.png\" alt=\"\" class=\"wp-image-111\" style=\"aspect-ratio:1;object-fit:cover\" srcset=\"https:\/\/pandoravisuals.es\/wp-content\/uploads\/2026\/03\/Living_Room_3-1024x576.png 1024w, https:\/\/pandoravisuals.es\/wp-content\/uploads\/2026\/03\/Living_Room_3-300x169.png 300w, https:\/\/pandoravisuals.es\/wp-content\/uploads\/2026\/03\/Living_Room_3-768x432.png 768w, https:\/\/pandoravisuals.es\/wp-content\/uploads\/2026\/03\/Living_Room_3-1536x864.png 1536w, https:\/\/pandoravisuals.es\/wp-content\/uploads\/2026\/03\/Living_Room_3-18x10.png 18w, https:\/\/pandoravisuals.es\/wp-content\/uploads\/2026\/03\/Living_Room_3.png 1920w\" sizes=\"auto, (max-width: 1024px) 100vw, 1024px\" \/><\/figure>\n\n\n\n<figure class=\"wp-block-image size-large is-style-ext-preset--image--natural-1--image-1--content-bottom extendify-image-import ext-animate--on is-style-ext-preset--image--natural-1--image-1--content-bottom--12\"><img loading=\"lazy\" decoding=\"async\" width=\"1024\" height=\"576\" src=\"https:\/\/pandoravisuals.es\/wp-content\/uploads\/2026\/03\/Sotano_2-1024x576.png\" alt=\"\" class=\"wp-image-115\" style=\"aspect-ratio:1;object-fit:cover\" srcset=\"https:\/\/pandoravisuals.es\/wp-content\/uploads\/2026\/03\/Sotano_2-1024x576.png 1024w, https:\/\/pandoravisuals.es\/wp-content\/uploads\/2026\/03\/Sotano_2-300x169.png 300w, https:\/\/pandoravisuals.es\/wp-content\/uploads\/2026\/03\/Sotano_2-768x432.png 768w, https:\/\/pandoravisuals.es\/wp-content\/uploads\/2026\/03\/Sotano_2-1536x864.png 1536w, https:\/\/pandoravisuals.es\/wp-content\/uploads\/2026\/03\/Sotano_2-18x10.png 18w, https:\/\/pandoravisuals.es\/wp-content\/uploads\/2026\/03\/Sotano_2.png 1920w\" sizes=\"auto, (max-width: 1024px) 100vw, 1024px\" \/><\/figure>\n<\/div>\n\n\n\n<div class=\"wp-block-column is-vertically-aligned-top ext-animate--on is-layout-flow wp-container-core-column-is-layout-f5bb311e wp-block-column-is-layout-flow\">\n<figure class=\"wp-block-image size-large is-style-ext-preset--image--natural-1--image-1--content-bottom extendify-image-import ext-animate--on is-style-ext-preset--image--natural-1--image-1--content-bottom--13\"><img loading=\"lazy\" decoding=\"async\" width=\"1024\" height=\"732\" src=\"https:\/\/pandoravisuals.es\/wp-content\/uploads\/2026\/03\/IMG_1896-1-1024x732.jpg\" alt=\"\" class=\"wp-image-119\" style=\"aspect-ratio:1;object-fit:cover\" srcset=\"https:\/\/pandoravisuals.es\/wp-content\/uploads\/2026\/03\/IMG_1896-1-1024x732.jpg 1024w, https:\/\/pandoravisuals.es\/wp-content\/uploads\/2026\/03\/IMG_1896-1-300x214.jpg 300w, https:\/\/pandoravisuals.es\/wp-content\/uploads\/2026\/03\/IMG_1896-1-768x549.jpg 768w, https:\/\/pandoravisuals.es\/wp-content\/uploads\/2026\/03\/IMG_1896-1-1536x1097.jpg 1536w, https:\/\/pandoravisuals.es\/wp-content\/uploads\/2026\/03\/IMG_1896-1-18x12.jpg 18w, https:\/\/pandoravisuals.es\/wp-content\/uploads\/2026\/03\/IMG_1896-1.jpg 1579w\" sizes=\"auto, (max-width: 1024px) 100vw, 1024px\" \/><\/figure>\n\n\n\n<figure class=\"wp-block-image size-large is-style-ext-preset--image--natural-1--image-1--content-bottom extendify-image-import ext-animate--on is-style-ext-preset--image--natural-1--image-1--content-bottom--14\"><img loading=\"lazy\" decoding=\"async\" width=\"1024\" height=\"731\" src=\"https:\/\/pandoravisuals.es\/wp-content\/uploads\/2026\/03\/IMG_1898-1024x731.jpg\" alt=\"\" class=\"wp-image-121\" style=\"aspect-ratio:1;object-fit:cover\" srcset=\"https:\/\/pandoravisuals.es\/wp-content\/uploads\/2026\/03\/IMG_1898-1024x731.jpg 1024w, https:\/\/pandoravisuals.es\/wp-content\/uploads\/2026\/03\/IMG_1898-300x214.jpg 300w, https:\/\/pandoravisuals.es\/wp-content\/uploads\/2026\/03\/IMG_1898-768x548.jpg 768w, https:\/\/pandoravisuals.es\/wp-content\/uploads\/2026\/03\/IMG_1898-1536x1096.jpg 1536w, https:\/\/pandoravisuals.es\/wp-content\/uploads\/2026\/03\/IMG_1898-18x12.jpg 18w, https:\/\/pandoravisuals.es\/wp-content\/uploads\/2026\/03\/IMG_1898.jpg 1613w\" sizes=\"auto, (max-width: 1024px) 100vw, 1024px\" \/><\/figure>\n<\/div>\n\n\n\n<div class=\"wp-block-column is-vertically-aligned-top ext-animate--on is-layout-flow wp-container-core-column-is-layout-f5bb311e wp-block-column-is-layout-flow\">\n<figure class=\"wp-block-image size-large is-style-ext-preset--image--natural-1--image-1--content-bottom extendify-image-import ext-animate--on is-style-ext-preset--image--natural-1--image-1--content-bottom--15\"><img loading=\"lazy\" decoding=\"async\" width=\"1024\" height=\"576\" src=\"https:\/\/pandoravisuals.es\/wp-content\/uploads\/2026\/03\/Master_Bedroom-1024x576.png\" alt=\"\" class=\"wp-image-113\" style=\"aspect-ratio:1;object-fit:cover\" srcset=\"https:\/\/pandoravisuals.es\/wp-content\/uploads\/2026\/03\/Master_Bedroom-1024x576.png 1024w, https:\/\/pandoravisuals.es\/wp-content\/uploads\/2026\/03\/Master_Bedroom-300x169.png 300w, https:\/\/pandoravisuals.es\/wp-content\/uploads\/2026\/03\/Master_Bedroom-768x432.png 768w, https:\/\/pandoravisuals.es\/wp-content\/uploads\/2026\/03\/Master_Bedroom-1536x864.png 1536w, https:\/\/pandoravisuals.es\/wp-content\/uploads\/2026\/03\/Master_Bedroom-18x10.png 18w, https:\/\/pandoravisuals.es\/wp-content\/uploads\/2026\/03\/Master_Bedroom.png 1920w\" sizes=\"auto, (max-width: 1024px) 100vw, 1024px\" \/><\/figure>\n\n\n\n<figure class=\"wp-block-image size-large is-style-ext-preset--image--natural-1--image-1--content-bottom extendify-image-import ext-animate--on is-style-ext-preset--image--natural-1--image-1--content-bottom--16\"><img loading=\"lazy\" decoding=\"async\" width=\"1024\" height=\"576\" src=\"https:\/\/pandoravisuals.es\/wp-content\/uploads\/2026\/03\/Living_Room_2-1024x576.png\" alt=\"\" class=\"wp-image-110\" style=\"aspect-ratio:1;object-fit:cover\" srcset=\"https:\/\/pandoravisuals.es\/wp-content\/uploads\/2026\/03\/Living_Room_2-1024x576.png 1024w, https:\/\/pandoravisuals.es\/wp-content\/uploads\/2026\/03\/Living_Room_2-300x169.png 300w, https:\/\/pandoravisuals.es\/wp-content\/uploads\/2026\/03\/Living_Room_2-768x432.png 768w, https:\/\/pandoravisuals.es\/wp-content\/uploads\/2026\/03\/Living_Room_2-1536x864.png 1536w, https:\/\/pandoravisuals.es\/wp-content\/uploads\/2026\/03\/Living_Room_2-18x10.png 18w, https:\/\/pandoravisuals.es\/wp-content\/uploads\/2026\/03\/Living_Room_2.png 1920w\" sizes=\"auto, (max-width: 1024px) 100vw, 1024px\" \/><\/figure>\n<\/div>\n<\/div>\n<\/div>\n<\/div>\n\n\n\n<div class=\"wp-block-group alignfull is-style-ext-preset--group--natural-1--section ext-animate--on has-background-background-color has-background has-global-padding is-layout-constrained wp-block-group-is-layout-constrained\" id=\"contact\" style=\"margin-top:0;margin-bottom:0;padding-top:var(--wp--preset--spacing--70);padding-bottom:var(--wp--preset--spacing--70)\">\n<div class=\"wp-block-media-text alignwide is-stacked-on-mobile is-image-fill-element extendify-image-import is-style-ext-preset--media-text--natural-1--card-1 ext-animate--on has-tertiary-background-color has-background is-style-ext-preset--media-text--natural-1--card-1--18\" style=\"grid-template-columns:48% auto\"><figure class=\"wp-block-media-text__media\"><img loading=\"lazy\" decoding=\"async\" width=\"1024\" height=\"731\" src=\"https:\/\/pandoravisuals.es\/wp-content\/uploads\/2026\/03\/IMG_1782-1024x731.jpeg\" alt=\"\" class=\"wp-image-135 size-full\" style=\"object-position:50% 50%\" srcset=\"https:\/\/pandoravisuals.es\/wp-content\/uploads\/2026\/03\/IMG_1782-1024x731.jpeg 1024w, https:\/\/pandoravisuals.es\/wp-content\/uploads\/2026\/03\/IMG_1782-300x214.jpeg 300w, https:\/\/pandoravisuals.es\/wp-content\/uploads\/2026\/03\/IMG_1782-768x548.jpeg 768w, https:\/\/pandoravisuals.es\/wp-content\/uploads\/2026\/03\/IMG_1782-1536x1096.jpeg 1536w, https:\/\/pandoravisuals.es\/wp-content\/uploads\/2026\/03\/IMG_1782-18x12.jpeg 18w, https:\/\/pandoravisuals.es\/wp-content\/uploads\/2026\/03\/IMG_1782.jpeg 2042w\" sizes=\"auto, (max-width: 1024px) 100vw, 1024px\" \/><\/figure><div class=\"wp-block-media-text__content\">\n<div class=\"wp-block-group alignwide ext-animate--on has-global-padding is-layout-constrained wp-container-core-group-is-layout-48493932 wp-block-group-is-layout-constrained\" style=\"padding-top:var(--wp--preset--spacing--55);padding-right:var(--wp--preset--spacing--55);padding-bottom:var(--wp--preset--spacing--55);padding-left:var(--wp--preset--spacing--55)\"><div class=\"wpforms-container wpforms-block wpforms-block-406c62bf-d413-4f54-9e34-6ea96a36e1dd wpforms-render-modern\" id=\"wpforms-23\"><form id=\"wpforms-form-23\" class=\"wpforms-validate wpforms-form wpforms-ajax-form\" data-formid=\"23\" method=\"post\" enctype=\"multipart\/form-data\" action=\"\/en\/wp-json\/wp\/v2\/pages\/28\" data-token=\"92e47dffabb384fdd9617f38104d84d6\" data-token-time=\"1776181243\"><noscript class=\"wpforms-error-noscript\">Please enable JavaScript in your browser to complete this form.<\/noscript><div id=\"wpforms-error-noscript\" style=\"display: none;\">Please enable JavaScript in your browser to complete this form.<\/div><div class=\"wpforms-field-container\"><div id=\"wpforms-23-field_1-container\" class=\"wpforms-field wpforms-field-name\" data-field-id=\"1\"><label class=\"wpforms-field-label\" for=\"wpforms-23-field_1\">Nombre <span class=\"wpforms-required-label\" aria-hidden=\"true\">*<\/span><\/label><input type=\"text\" id=\"wpforms-23-field_1\" class=\"wpforms-field-large wpforms-field-required\" name=\"wpforms[fields][1]\" aria-errormessage=\"wpforms-23-field_1-error\" required><\/div>\t\t<div id=\"wpforms-23-field_5-container\"\n\t\t\tclass=\"wpforms-field wpforms-field-text\"\n\t\t\tdata-field-type=\"text\"\n\t\t\tdata-field-id=\"5\"\n\t\t\t>\n\t\t\t<label class=\"wpforms-field-label\" for=\"wpforms-23-field_5\" >electr\u00f3nico Mensaje Nombre<\/label>\n\t\t\t<input type=\"text\" id=\"wpforms-23-field_5\" class=\"wpforms-field-medium\" name=\"wpforms[fields][5]\" >\n\t\t<\/div>\n\t\t<div id=\"wpforms-23-field_2-container\" class=\"wpforms-field wpforms-field-email\" data-field-id=\"2\"><label class=\"wpforms-field-label\" for=\"wpforms-23-field_2\">Correo electr\u00f3nico <span class=\"wpforms-required-label\" aria-hidden=\"true\">*<\/span><\/label><input type=\"email\" id=\"wpforms-23-field_2\" class=\"wpforms-field-large wpforms-field-required\" name=\"wpforms[fields][2]\" spellcheck=\"false\" aria-errormessage=\"wpforms-23-field_2-error\" required><\/div><div id=\"wpforms-23-field_3-container\" class=\"wpforms-field wpforms-field-text\" data-field-id=\"3\"><label class=\"wpforms-field-label\" for=\"wpforms-23-field_3\">Asunto<\/label><input type=\"text\" id=\"wpforms-23-field_3\" class=\"wpforms-field-large\" name=\"wpforms[fields][3]\" aria-errormessage=\"wpforms-23-field_3-error\" ><\/div><div id=\"wpforms-23-field_4-container\" class=\"wpforms-field wpforms-field-textarea\" data-field-id=\"4\"><label class=\"wpforms-field-label\" for=\"wpforms-23-field_4\">Mensaje <span class=\"wpforms-required-label\" aria-hidden=\"true\">*<\/span><\/label><textarea id=\"wpforms-23-field_4\" class=\"wpforms-field-large wpforms-field-required\" name=\"wpforms[fields][4]\" aria-errormessage=\"wpforms-23-field_4-error\" required><\/textarea><\/div><script>\n\t\t\t\t( function() {\n\t\t\t\t\tconst style = document.createElement( 'style' );\n\t\t\t\t\tstyle.appendChild( document.createTextNode( '#wpforms-23-field_5-container { position: absolute !important; overflow: hidden !important; display: inline !important; height: 1px !important; width: 1px !important; z-index: -1000 !important; padding: 0 !important; } #wpforms-23-field_5-container input { visibility: hidden; } #wpforms-conversational-form-page #wpforms-23-field_5-container label { counter-increment: none; }' ) );\n\t\t\t\t\tdocument.head.appendChild( style );\n\t\t\t\t\tdocument.currentScript?.remove();\n\t\t\t\t} )();\n\t\t\t<\/script><\/div><!-- .wpforms-field-container --><div class=\"wpforms-submit-container\" ><input type=\"hidden\" name=\"wpforms[id]\" value=\"23\"><input type=\"hidden\" name=\"page_title\" value=\"\"><input type=\"hidden\" name=\"page_url\" value=\"https:\/\/pandoravisuals.es\/en\/wp-json\/wp\/v2\/pages\/28\"><input type=\"hidden\" name=\"url_referer\" value=\"\"><button type=\"submit\" name=\"wpforms[submit]\" id=\"wpforms-submit-23\" class=\"wpforms-submit\" data-alt-text=\"Enviando...\" data-submit-text=\"Enviar\" aria-live=\"assertive\" value=\"wpforms-submit\">Enviar<\/button><img loading=\"lazy\" decoding=\"async\" src=\"https:\/\/pandoravisuals.es\/wp-content\/plugins\/wpforms-lite\/assets\/images\/submit-spin.svg\" class=\"wpforms-submit-spinner\" style=\"display: none;\" width=\"26\" height=\"26\" alt=\"Loading\"><\/div><\/form><\/div>  <!-- .wpforms-container --><\/div>\n<\/div><\/div>\n<\/div>\n","protected":false},"excerpt":{"rendered":"<p>Pino Royale Promoci\u00f3n Inmobiliaria en Capobino, Marbella Pino Royale&nbsp;es una promoci\u00f3n residencial de&nbsp;cinco villas de lujo en Cabopino, Marbella, concebida con un alto grado de personalizaci\u00f3n y acabados de primer nivel, incluyendo&nbsp;Porcelanosa y la colecci\u00f3n Alexandra para los interiores. Debido al nivel de detalle y exigencia del proyecto,&nbsp;Pandora Visuals ha realizado todos los renders arquitect\u00f3nicos, [&hellip;]<\/p>\n","protected":false},"author":1,"featured_media":0,"parent":0,"menu_order":0,"comment_status":"closed","ping_status":"closed","template":"page-with-title","meta":{"om_disable_all_campaigns":false,"_monsterinsights_skip_tracking":false,"_monsterinsights_sitenote_active":false,"_monsterinsights_sitenote_note":"","_monsterinsights_sitenote_category":0,"footnotes":""},"class_list":["post-28","page","type-page","status-publish","hentry"],"aioseo_notices":[],"_links":{"self":[{"href":"https:\/\/pandoravisuals.es\/en\/wp-json\/wp\/v2\/pages\/28","targetHints":{"allow":["GET"]}}],"collection":[{"href":"https:\/\/pandoravisuals.es\/en\/wp-json\/wp\/v2\/pages"}],"about":[{"href":"https:\/\/pandoravisuals.es\/en\/wp-json\/wp\/v2\/types\/page"}],"author":[{"embeddable":true,"href":"https:\/\/pandoravisuals.es\/en\/wp-json\/wp\/v2\/users\/1"}],"replies":[{"embeddable":true,"href":"https:\/\/pandoravisuals.es\/en\/wp-json\/wp\/v2\/comments?post=28"}],"version-history":[{"count":4,"href":"https:\/\/pandoravisuals.es\/en\/wp-json\/wp\/v2\/pages\/28\/revisions"}],"predecessor-version":[{"id":136,"href":"https:\/\/pandoravisuals.es\/en\/wp-json\/wp\/v2\/pages\/28\/revisions\/136"}],"wp:attachment":[{"href":"https:\/\/pandoravisuals.es\/en\/wp-json\/wp\/v2\/media?parent=28"}],"curies":[{"name":"wp","href":"https:\/\/api.w.org\/{rel}","templated":true}]}}